{"id":1431,"date":"2025-08-18T13:24:34","date_gmt":"2025-08-18T11:24:34","guid":{"rendered":"https:\/\/www.lopicrac.cat\/politica-cookies\/"},"modified":"2025-10-06T13:48:17","modified_gmt":"2025-10-06T11:48:17","slug":"politica-cookies","status":"publish","type":"page","link":"https:\/\/www.lopicrac.cat\/ca\/politica-cookies\/","title":{"rendered":"Pol\u00edtica de cookies"},"content":{"rendered":"<section id=\"panel-configuracion-cookies\">Des d\u2019aquest panell podr\u00e0 configurar les galetes que el lloc web pot instal\u00b7lar al seu navegador, excepte les galetes t\u00e8cniques o funcionals que s\u00f3n necess\u00e0ries per a la navegaci\u00f3 i la utilitzaci\u00f3 de les diferents opcions o serveis que s\u2019ofereixen.<\/p>\n<p>Les galetes seleccionades indiquen que l\u2019usuari autoritza la instal\u00b7laci\u00f3 al seu navegador i el tractament de dades sota les condicions reflectides a la Pol\u00edtica de galetes.<\/p>\n<p>L\u2019usuari pot marcar o desmarcar el selector segons si desitja acceptar o rebutjar la instal\u00b7laci\u00f3 de galetes.<\/p>\n<h3>Galetes controlades per l\u2019editor<\/h3>\n<p><!-- Anal\u00edtiques --><\/p>\n<h4>Anal\u00edtiques <small>(Activar\/desactivar \u00b7 Totes)<\/small><\/h4>\n<table>\n<thead>\n<tr>\n<th>Propietat<\/th>\n<th>Galeta<\/th>\n<th>Finalitat<\/th>\n<th>Termini<\/th>\n<\/tr>\n<\/thead>\n<tbody>\n<tr>\n<td>google.com<\/td>\n<td>__Secure-3PAPISID<\/td>\n<td>Aquestes galetes s\u2019utilitzen per oferir anuncis m\u00e9s rellevants per a vost\u00e8 i els seus interessos.<\/td>\n<td>en un any<\/td>\n<\/tr>\n<tr>\n<td>google.com<\/td>\n<td>__Secure-3PSID<\/td>\n<td>Aquestes galetes s\u2019utilitzen per oferir anuncis m\u00e9s rellevants per a vost\u00e8 i els seus interessos.<\/td>\n<td>en un any<\/td>\n<\/tr>\n<tr>\n<td>lopicrac.cat<\/td>\n<td>__utma<\/td>\n<td>ID utilitzada per identificar els usuaris i les sessions.<\/td>\n<td>en un any<\/td>\n<\/tr>\n<tr>\n<td>lopicrac.cat<\/td>\n<td>__utmb<\/td>\n<td>S\u2019utilitza per distingir noves sessions i visites. Aquesta galeta s\u2019estableix quan es carrega la biblioteca ga.js de JavaScript i no hi ha cap galeta __utmb existent. La galeta s\u2019actualitza cada vegada que s\u2019envien dades al servidor de Google Analytics.<\/td>\n<td>Sessi\u00f3<\/td>\n<\/tr>\n<tr>\n<td>lopicrac.cat<\/td>\n<td>__utmc<\/td>\n<td>S\u2019utilitza nom\u00e9s amb versions anteriors d\u2019Urchin de Google Analytics i no amb ga.js. Es va utilitzar per distingir entre noves sessions i visites al final d\u2019una sessi\u00f3.<\/td>\n<td>en un any<\/td>\n<\/tr>\n<tr>\n<td>lopicrac.cat<\/td>\n<td>__utmt<\/td>\n<td>S\u2019utilitza per monitorar el nombre de peticions al servidor de Google Analytics.<\/td>\n<td>Sessi\u00f3<\/td>\n<\/tr>\n<tr>\n<td>lopicrac.cat<\/td>\n<td>__utmz<\/td>\n<td>Cont\u00e9 informaci\u00f3 sobre la font de tr\u00e0nsit o campanya que dirigeix l\u2019usuari al lloc web. La galeta s\u2019estableix quan es carrega el Javascript ga.js i s\u2019actualitza quan s\u2019envien dades al servidor de Google Analytics.<\/td>\n<td>en 7 mesos<\/td>\n<\/tr>\n<\/tbody>\n<\/table>\n<p><!-- Publicit\u00e0ries --><\/p>\n<h4>Publicit\u00e0ries <small>(Activar\/desactivar \u00b7 Totes)<\/small><\/h4>\n<table>\n<thead>\n<tr>\n<th>Propietat<\/th>\n<th>Galeta<\/th>\n<th>Finalitat<\/th>\n<th>Termini<\/th>\n<\/tr>\n<\/thead>\n<tbody>\n<tr>\n<td>google.com<\/td>\n<td>1P_JAR<\/td>\n<td>Aquestes galetes s\u2019estableixen a trav\u00e9s de v\u00eddeos de YouTube incrustats. Registren dades estad\u00edstiques an\u00f2nimes com, per exemple, quantes vegades es reprodueix el v\u00eddeo i les configuracions utilitzades per a la reproducci\u00f3.<\/td>\n<td>en un mes<\/td>\n<\/tr>\n<tr>\n<td>google.com<\/td>\n<td>APISID<\/td>\n<td>Descarrega certes eines de Google i desa algunes prefer\u00e8ncies, com ara el nombre de resultats de la cerca per p\u00e0gina o l\u2019activaci\u00f3 del filtre SafeSearch. Ajusta els anuncis que apareixen a la cerca de Google.<\/td>\n<td>en un any<\/td>\n<\/tr>\n<tr>\n<td>google.com<\/td>\n<td>HSID<\/td>\n<td>Descarrega certes eines de Google i desa algunes prefer\u00e8ncies, com ara el nombre de resultats de la cerca per p\u00e0gina o l\u2019activaci\u00f3 del filtre SafeSearch. Ajusta els anuncis que apareixen a la cerca de Google.<\/td>\n<td>en un any<\/td>\n<\/tr>\n<tr>\n<td>google.com<\/td>\n<td>NID<\/td>\n<td>Aquestes galetes s\u2019utilitzen per recopilar estad\u00edstiques del lloc web i fer un seguiment de les taxes de conversi\u00f3 i la personalitzaci\u00f3 d\u2019anuncis de Google.<\/td>\n<td>en 7 mesos<\/td>\n<\/tr>\n<tr>\n<td>google.com<\/td>\n<td>SAPISID<\/td>\n<td>Descarrega certes eines de Google i desa algunes prefer\u00e8ncies, com ara el nombre de resultats de la cerca per p\u00e0gina o l\u2019activaci\u00f3 del filtre SafeSearch. Ajusta els anuncis que apareixen a la cerca de Google.<\/td>\n<td>en un any<\/td>\n<\/tr>\n<tr>\n<td>google.com<\/td>\n<td>SID<\/td>\n<td>Descarrega certes eines de Google i desa algunes prefer\u00e8ncies, com ara el nombre de resultats de la cerca per p\u00e0gina o l\u2019activaci\u00f3 del filtre SafeSearch. Ajusta els anuncis que apareixen a la cerca de Google.<\/td>\n<td>en un any<\/td>\n<\/tr>\n<tr>\n<td>google.com<\/td>\n<td>SIDCC<\/td>\n<td>Descarrega certes eines de Google i desa algunes prefer\u00e8ncies, com ara el nombre de resultats de la cerca per p\u00e0gina o l\u2019activaci\u00f3 del filtre SafeSearch. Ajusta els anuncis que apareixen a la cerca de Google.<\/td>\n<td>en un any<\/td>\n<\/tr>\n<tr>\n<td>google.com<\/td>\n<td>SSID<\/td>\n<td>Descarrega certes eines de Google i desa algunes prefer\u00e8ncies, com ara el nombre de resultats de cerca per p\u00e0gina o l\u2019activaci\u00f3 del filtre SafeSearch. Ajusta els anuncis que apareixen a la Cerca de Google.<\/td>\n<td>en un any<\/td>\n<\/tr>\n<\/tbody>\n<\/table>\n<h3>Galetes de tercers<\/h3>\n<p>Els serveis de tercers s\u00f3n aliens al control de l\u2019editor. Els prove\u00efdors poden modificar en qualsevol moment les seves condicions de servei, finalitat i utilitzaci\u00f3 de les galetes, etc.<\/p>\n<p><strong>Prove\u00efdors externs d\u2019aquest lloc web:<\/strong><\/p>\n<table>\n<thead>\n<tr>\n<th>Editor<\/th>\n<th>Pol\u00edtica de privacitat<\/th>\n<\/tr>\n<\/thead>\n<tbody>\n<tr>\n<td>Google Analytics<\/td>\n<td><a href=\"https:\/\/privacy.google.com\/take-control.html\" rel=\"noopener noreferrer\" target=\"_blank\">https:\/\/privacy.google.com\/take-control.html<\/a><\/td>\n<\/tr>\n<tr>\n<td>Google<\/td>\n<td><a href=\"https:\/\/privacy.google.com\/take-control.html\" rel=\"noopener noreferrer\" target=\"_blank\">https:\/\/privacy.google.com\/take-control.html<\/a><\/td>\n<\/tr>\n<tr>\n<td>Google<\/td>\n<td><a href=\"https:\/\/safety.google\/privacy\/privacy-controls\/\" rel=\"noopener noreferrer\" target=\"_blank\">https:\/\/safety.google\/privacy\/privacy-controls\/<\/a><\/td>\n<\/tr>\n<tr>\n<td>PHP.net<\/td>\n<td><a href=\"https:\/\/www.php.net\/privacy.php\" rel=\"noopener noreferrer\" target=\"_blank\">https:\/\/www.php.net\/privacy.php<\/a><\/td>\n<\/tr>\n<\/tbody>\n<\/table>\n<h3>Com gestionar les galetes des del navegador<\/h3>\n<h4>Eliminar les galetes del dispositiu<\/h4>\n<p>Les galetes que ja estan en un dispositiu es poden eliminar esborrant l\u2019historial del navegador, amb la qual cosa s\u2019eliminen les galetes de tots els llocs web visitats. No obstant aix\u00f2, tamb\u00e9 es pot perdre part de la informaci\u00f3 desada (per exemple, les dades d\u2019inici de sessi\u00f3 o les prefer\u00e8ncies del lloc web).<\/p>\n<h4>Gestionar les galetes espec\u00edfiques del lloc<\/h4>\n<p>Per tenir un control m\u00e9s prec\u00eds de les galetes espec\u00edfiques de cada lloc, els usuaris poden ajustar la configuraci\u00f3 de privacitat i galetes al navegador.<\/p>\n<h4>Bloquejar les galetes<\/h4>\n<p>Encara que la majoria de navegadors moderns es poden configurar per evitar que s\u2019instal\u00b7lin galetes als dispositius, aix\u00f2 pot obligar a ajustar manualment determinades prefer\u00e8ncies cada vegada que es visiti un lloc o una p\u00e0gina. A m\u00e9s, alguns serveis i funcions poden no funcionar correctament (per exemple, els inicis de sessi\u00f3 amb perfil).<\/p>\n<h3>Com eliminar les galetes dels navegadors m\u00e9s comuns<\/h3>\n<ul>\n<li><strong>Chrome<\/strong> \u2014 <a href=\"http:\/\/support.google.com\/chrome\/answer\/95647?hl=ca\" rel=\"noopener noreferrer\" target=\"_blank\">http:\/\/support.google.com\/chrome\/answer\/95647?hl=ca<\/a><\/li>\n<li><strong>Edge<\/strong> \u2014 <a href=\"https:\/\/support.microsoft.com\/ca-es\/microsoft-edge\/eliminar-les-cookies-en-microsoft-edge-63947406-40ac-c3b8-57b9-2a946a29ae09\" rel=\"noopener noreferrer\" target=\"_blank\">https:\/\/support.microsoft.com\/ca-es\/microsoft-edge\/eliminar-les-cookies-en-microsoft-edge-63947406-40ac-c3b8-57b9-2a946a29ae09<\/a><\/li>\n<li><strong>Explorer<\/strong> \u2014 <a href=\"https:\/\/support.microsoft.com\/ca-es\/help\/278835\/how-to-delete-cookie-files-in-internet-explorer\" rel=\"noopener noreferrer\" target=\"_blank\">https:\/\/support.microsoft.com\/ca-es\/help\/278835\/how-to-delete-cookie-files-in-internet-explorer<\/a><\/li>\n<li><strong>Firefox<\/strong> \u2014 <a href=\"https:\/\/www.mozilla.org\/ca\/privacy\/websites\/#cookies\" rel=\"noopener noreferrer\" target=\"_blank\">https:\/\/www.mozilla.org\/ca\/privacy\/websites\/#cookies<\/a><\/li>\n<li><strong>Safari<\/strong> \u2014 <a href=\"https:\/\/support.apple.com\/ca-es\/guide\/safari\/sfri11471\/mac\" rel=\"noopener noreferrer\" target=\"_blank\">https:\/\/support.apple.com\/ca-es\/guide\/safari\/sfri11471\/mac<\/a><\/li>\n<li><strong>Opera<\/strong> \u2014 <a href=\"https:\/\/help.opera.com\/ca\/latest\/security-and-privacy\/#clearBrowsingData\" rel=\"noopener noreferrer\" target=\"_blank\">https:\/\/help.opera.com\/ca\/latest\/security-and-privacy\/#clearBrowsingData<\/a><\/li>\n<\/ul>\n<\/section>\n","protected":false},"excerpt":{"rendered":"<p>Des d\u2019aquest panell podr\u00e0 configurar les galetes que el lloc web pot instal\u00b7lar al seu navegador, excepte les galetes t\u00e8cniques o funcionals que s\u00f3n necess\u00e0ries per a la navegaci\u00f3 i la utilitzaci\u00f3 de les diferents opcions o serveis que s\u2019ofereixen. Les galetes seleccionades indiquen que l\u2019usuari autoritza la instal\u00b7laci\u00f3 al seu navegador i el tractament [&hellip;]<\/p>\n","protected":false},"author":1,"featured_media":0,"parent":0,"menu_order":0,"comment_status":"closed","ping_status":"closed","template":"","meta":{"_joinchat":[],"footnotes":""},"class_list":["post-1431","page","type-page","status-publish","hentry"],"acf":[],"_links":{"self":[{"href":"https:\/\/www.lopicrac.cat\/ca\/wp-json\/wp\/v2\/pages\/1431","targetHints":{"allow":["GET"]}}],"collection":[{"href":"https:\/\/www.lopicrac.cat\/ca\/wp-json\/wp\/v2\/pages"}],"about":[{"href":"https:\/\/www.lopicrac.cat\/ca\/wp-json\/wp\/v2\/types\/page"}],"author":[{"embeddable":true,"href":"https:\/\/www.lopicrac.cat\/ca\/wp-json\/wp\/v2\/users\/1"}],"replies":[{"embeddable":true,"href":"https:\/\/www.lopicrac.cat\/ca\/wp-json\/wp\/v2\/comments?post=1431"}],"version-history":[{"count":2,"href":"https:\/\/www.lopicrac.cat\/ca\/wp-json\/wp\/v2\/pages\/1431\/revisions"}],"predecessor-version":[{"id":1434,"href":"https:\/\/www.lopicrac.cat\/ca\/wp-json\/wp\/v2\/pages\/1431\/revisions\/1434"}],"wp:attachment":[{"href":"https:\/\/www.lopicrac.cat\/ca\/wp-json\/wp\/v2\/media?parent=1431"}],"curies":[{"name":"wp","href":"https:\/\/api.w.org\/{rel}","templated":true}]}}