{"id":1426,"date":"2025-08-04T12:46:44","date_gmt":"2025-08-04T10:46:44","guid":{"rendered":"https:\/\/www.lopicrac.cat\/politica-privacidad\/"},"modified":"2025-10-06T12:59:20","modified_gmt":"2025-10-06T10:59:20","slug":"politica-privacitat","status":"publish","type":"page","link":"https:\/\/www.lopicrac.cat\/ca\/politica-privacitat\/","title":{"rendered":"Pol\u00edtica de privacitat"},"content":{"rendered":"<p>1. <strong>INFORMACI\u00d3 A L\u2019USUARI<\/strong><\/p>\n<p><strong>Qui \u00e9s el responsable del tractament de les teves dades personals?<\/strong><\/p>\n<p><strong>REHABILITACIONS LOPICRAC, S.L.U.<\/strong> \u00e9s el RESPONSABLE del tractament de les dades personals de l\u2019USUARI i l\u2019informa que aquestes dades seran tractades d\u2019acord amb el que disposa el Reglament (UE) 2016\/679, de 27 d\u2019abril (RGPD), i la Llei Org\u00e0nica 3\/2018, de 5 de desembre (LOPDGDD).<\/p>\n<p><strong>Per a qu\u00e8 tractem les teves dades personals i per qu\u00e8 ho fem?<\/strong><\/p>\n<p>Segons el formulari on h\u00e0gim obtingut les teves dades personals, les tractarem de manera confidencial per aconseguir els seg\u00fcents fins:<\/p>\n<p>Al formulari <strong>Contacte<\/strong><\/p>\n<ul>\n<li>Donar resposta a les consultes o qualsevol tipus de petici\u00f3 que faci l\u2019usuari a trav\u00e9s de qualsevol de les formes de contacte que es posen a la seva disposici\u00f3 a la p\u00e0gina web del responsable. (pel leg\u00edtim inter\u00e8s del responsable, art. 6.1.f RGPD)<\/li>\n<\/ul>\n<ul>\n<li>Enviar comunicacions comercials publicit\u00e0ries per e-mail, fax, SMS, MMS, xarxes socials o qualsevol altra via electr\u00f2nica o f\u00edsica, present o futura, que permeti realitzar comunicacions comercials. Aquestes comunicacions seran realitzades pel responsable i estaran relacionades amb els seus productes i serveis, o dels seus col\u00b7laboradors o prove\u00efdors amb els quals hagi arribat a algun acord de promoci\u00f3. En aquest cas, els tercers mai tindran acc\u00e9s a les dades personals. (pel consentiment de l\u2019interessat, art. 6.1.a RGPD)<\/li>\n<\/ul>\n<ul>\n<li>Realitzar an\u00e0lisis estad\u00edstics i estudis de mercat. (pel leg\u00edtim inter\u00e8s del responsable, art. 6.1.f RGPD)<\/li>\n<\/ul>\n<p><strong>Durant quant de temps guardarem les teves dades personals?<\/strong><\/p>\n<p>Es conservaran durant no m\u00e9s temps del necessari per mantenir el fi del tractament o que hi hagi prescripcions\u00a0legals que dictaminin la seva cust\u00f2dia i quan ja no sigui necessari, s\u2019esborraran amb mesures de seguretat\u00a0adequades per garantir l\u2019anonimitzaci\u00f3 de les dades o la seva destrucci\u00f3 total.<\/p>\n<p><strong>A qui facilitem les teves dades personals?<\/strong><\/p>\n<p>No est\u00e0 prevista cap comunicaci\u00f3 de dades personals a tercers excepte si fos necessari per al desenvolupament i\u00a0execuci\u00f3 dels fins del tractament, als nostres prove\u00efdors de serveis relacionats amb comunicacions, amb\u00a0els quals el RESPONSABLE t\u00e9 contractes de confidencialitat i encarregat del tractament exigits per la normativa vigent de privacitat.<\/p>\n<p><strong>Quins s\u00f3n els teus drets?<\/strong><\/p>\n<p>Els drets que assisteixen a l\u2019USUARI s\u00f3n:<\/p>\n<ul>\n<li>Dret a retirar el consentiment en qualsevol moment.<\/li>\n<li>Dret d\u2019acc\u00e9s, rectificaci\u00f3, portabilitat i supressi\u00f3 de les seves dades, i de limitaci\u00f3 o oposici\u00f3 al seu tractament.<\/li>\n<li>Dret a presentar una reclamaci\u00f3 davant l\u2019autoritat de control (www.aepd.es) si considera que el tractament no s\u2019ajusta a la normativa vigent.<\/li>\n<\/ul>\n<p><strong>Dades de contacte per exercir els teus drets<\/strong>:<\/p>\n<p>REHABILITACIONS LOPICRAC, S.L.U.. Napols, 318 &#8211; 08025 BARCELONA (Barcelona). E-mail: info@lopicrac.cat<\/p>\n<p><strong>2. CAR\u00c0CTER OBLIGATORI O FACULTATIU DE LA INFORMACI\u00d3 FACILITADA PER L\u2019<\/strong> <strong>USUARI<\/strong><\/p>\n<p>Els USUARIS, mitjan\u00e7ant la marcaci\u00f3 de les caselles corresponents i la introducci\u00f3 de dades als camps, marcats\u00a0amb un asterisc (*) al formulari de contacte o presentats en formularis de desc\u00e0rrega, accepten expressament i de\u00a0forma lliure i inequ\u00edvoca que les seves dades s\u00f3n necess\u00e0ries per atendre la seva petici\u00f3 per part del prestador, sent\u00a0volunt\u00e0ria la inclusi\u00f3 de dades en els camps restants. L\u2019USUARI garanteix que les dades personals facilitades al<\/p>\n<p>RESPONSABLE s\u00f3n veraces i es fa responsable de comunicar qualsevol modificaci\u00f3 d\u2019aquestes.<\/p>\n<p>El RESPONSABLE informa que totes les dades sol\u00b7licitades a trav\u00e9s del lloc web s\u00f3n obligat\u00f2ries, ja que s\u00f3n\u00a0necess\u00e0ries per a la prestaci\u00f3 d\u2019un servei \u00f2ptim a l\u2019USUARI. En cas que no es facilitin totes les dades, no es\u00a0garanteix que la informaci\u00f3 i serveis facilitats siguin completament ajustats a les seves necessitats.<\/p>\n<p><strong>3. MESURES DE SEGURETAT<\/strong><\/p>\n<p>D\u2019acord amb el que disposen les normatives vigents en protecci\u00f3 de dades personals, el RESPONSABLE\u00a0est\u00e0 complint totes les disposicions de les normatives RGPD i LOPDGDD pel tractament de les dades\u00a0personals sota la seva responsabilitat, i manifestament amb els principis descrits a l\u2019article 5 del RGPD, per\u00a0els quals s\u00f3n tractades de manera l\u00edcita, lleial i transparent en relaci\u00f3 amb l\u2019interessat i adequades, pertinents i\u00a0limitades al necessari en relaci\u00f3 amb els fins per als quals s\u00f3n tractades.<\/p>\n<p>El RESPONSABLE garanteix que ha implementat pol\u00edtiques t\u00e8cniques i organitzatives apropiades per aplicar les\u00a0mesures de seguretat que estableixen el RGPD i la LOPDGDD amb la finalitat de protegir els drets i llibertats dels\u00a0USUARIS i els ha comunicat la informaci\u00f3 adequada perqu\u00e8 els puguin exercir.<\/p>\n<p>Per a m\u00e9s informaci\u00f3 sobre les garanties de privacitat, pots dirigir-te al RESPONSABLE a trav\u00e9s de\u00a0REHABILITACIONS LOPICRAC, S.L.U.. Napols, 318 &#8211; 08025 BARCELONA (Barcelona). E-mail: info@lopicrac.cat<\/p>\n","protected":false},"excerpt":{"rendered":"<p>1. INFORMACI\u00d3 A L\u2019USUARI Qui \u00e9s el responsable del tractament de les teves dades personals? REHABILITACIONS LOPICRAC, S.L.U. \u00e9s el RESPONSABLE del tractament de les dades personals de l\u2019USUARI i l\u2019informa que aquestes dades seran tractades d\u2019acord amb el que disposa el Reglament (UE) 2016\/679, de 27 d\u2019abril (RGPD), i la Llei Org\u00e0nica 3\/2018, de [&hellip;]<\/p>\n","protected":false},"author":1,"featured_media":0,"parent":0,"menu_order":0,"comment_status":"closed","ping_status":"closed","template":"","meta":{"_joinchat":[],"footnotes":""},"class_list":["post-1426","page","type-page","status-publish","hentry"],"acf":[],"_links":{"self":[{"href":"https:\/\/www.lopicrac.cat\/ca\/wp-json\/wp\/v2\/pages\/1426","targetHints":{"allow":["GET"]}}],"collection":[{"href":"https:\/\/www.lopicrac.cat\/ca\/wp-json\/wp\/v2\/pages"}],"about":[{"href":"https:\/\/www.lopicrac.cat\/ca\/wp-json\/wp\/v2\/types\/page"}],"author":[{"embeddable":true,"href":"https:\/\/www.lopicrac.cat\/ca\/wp-json\/wp\/v2\/users\/1"}],"replies":[{"embeddable":true,"href":"https:\/\/www.lopicrac.cat\/ca\/wp-json\/wp\/v2\/comments?post=1426"}],"version-history":[{"count":2,"href":"https:\/\/www.lopicrac.cat\/ca\/wp-json\/wp\/v2\/pages\/1426\/revisions"}],"predecessor-version":[{"id":1428,"href":"https:\/\/www.lopicrac.cat\/ca\/wp-json\/wp\/v2\/pages\/1426\/revisions\/1428"}],"wp:attachment":[{"href":"https:\/\/www.lopicrac.cat\/ca\/wp-json\/wp\/v2\/media?parent=1426"}],"curies":[{"name":"wp","href":"https:\/\/api.w.org\/{rel}","templated":true}]}}